{"id":79214,"date":"2020-09-08T17:56:16","date_gmt":"2020-09-08T15:56:16","guid":{"rendered":"https:\/\/montagedemedailles.fr\/blog\/?page_id=79214"},"modified":"2021-09-06T13:53:14","modified_gmt":"2021-09-06T11:53:14","slug":"contact","status":"publish","type":"page","link":"https:\/\/www.montagedemedailles.fr\/blog\/contact\/","title":{"rendered":"Contact"},"content":{"rendered":"<div class=\"wpb-content-wrapper\"><p>[vc_row][vc_column width=\u00a0\u00bb1\/3&Prime;][vc_single_image media=\u00a0\u00bb79619&Prime; media_width_percent=\u00a0\u00bb90&Prime;][vc_column_text]Vous avez des questions ? Vous souhaitez nous confiez votre montage ? Toute notre \u00e9quipe est \u00e0 votre \u00e9coute pour vous conseiller, n&rsquo;h\u00e9sitez pas \u00e0 nous contacter.[\/vc_column_text][\/vc_column][vc_column width=\u00a0\u00bb2\/3&Prime;]<div role=\"form\" class=\"wpcf7\" id=\"wpcf7-f7-o1\" lang=\"fr-FR\" dir=\"ltr\">\n<div class=\"screen-reader-response\"><p role=\"status\" aria-live=\"polite\" aria-atomic=\"true\"><\/p> <ul><\/ul><\/div>\n<form action=\"\/blog\/wp-json\/wp\/v2\/pages\/79214#wpcf7-f7-o1\" method=\"post\" class=\"wpcf7-form init\" novalidate=\"novalidate\" data-status=\"init\">\n<div style=\"display: none;\">\n<input type=\"hidden\" name=\"_wpcf7\" value=\"7\" \/>\n<input type=\"hidden\" name=\"_wpcf7_version\" value=\"5.4.2\" \/>\n<input type=\"hidden\" name=\"_wpcf7_locale\" value=\"fr_FR\" \/>\n<input type=\"hidden\" name=\"_wpcf7_unit_tag\" value=\"wpcf7-f7-o1\" \/>\n<input type=\"hidden\" name=\"_wpcf7_container_post\" value=\"0\" \/>\n<input type=\"hidden\" name=\"_wpcf7_posted_data_hash\" value=\"\" \/>\n<input type=\"hidden\" name=\"_wpcf7_recaptcha_response\" value=\"\" \/>\n<\/div>\n<div class=\"d-flex\">\n<label><span class=\"wpcf7-form-control-wrap your-name\"><input type=\"text\" name=\"your-name\" value=\"\" size=\"40\" class=\"wpcf7-form-control wpcf7-text wpcf7-validates-as-required\" aria-required=\"true\" aria-invalid=\"false\" placeholder=\"Nom*\" \/><\/span> <\/label><br \/>\n<label><span class=\"wpcf7-form-control-wrap your-firstname\"><input type=\"text\" name=\"your-firstname\" value=\"\" size=\"40\" class=\"wpcf7-form-control wpcf7-text wpcf7-validates-as-required\" aria-required=\"true\" aria-invalid=\"false\" placeholder=\"Pr\u00e9nom*\" \/><\/span><\/label>\n<\/div>\n<div class=\"d-flex\">\n<label> <span class=\"wpcf7-form-control-wrap your-email\"><input type=\"email\" name=\"your-email\" value=\"\" size=\"40\" class=\"wpcf7-form-control wpcf7-text wpcf7-email wpcf7-validates-as-required wpcf7-validates-as-email\" aria-required=\"true\" aria-invalid=\"false\" placeholder=\"E-mail*\" \/><\/span><\/label><br \/>\n<label> <span class=\"wpcf7-form-control-wrap your-phone\"><input type=\"tel\" name=\"your-phone\" value=\"\" size=\"40\" class=\"wpcf7-form-control wpcf7-text wpcf7-tel wpcf7-validates-as-required wpcf7-validates-as-tel\" aria-required=\"true\" aria-invalid=\"false\" placeholder=\"T\u00e9l\u00e9phone*\" \/><\/span><\/label>\n<\/div>\n<div class=\"d-flex your-object\">\n<span class=\"wpcf7-form-control-wrap your-subject\"><input type=\"text\" name=\"your-subject\" value=\"\" size=\"40\" class=\"wpcf7-form-control wpcf7-text wpcf7-validates-as-required\" aria-required=\"true\" aria-invalid=\"false\" placeholder=\"Objet*\" \/><\/span>\n<\/div>\n<p><label><span class=\"wpcf7-form-control-wrap your-message\"><textarea name=\"your-message\" cols=\"40\" rows=\"10\" class=\"wpcf7-form-control wpcf7-textarea\" aria-invalid=\"false\" placeholder=\"Votre message*\"><\/textarea><\/span><\/label><\/p>\n<p><label> J'accepte la conservation de mes donn\u00e9es conform\u00e9ment \u00e0 la <a href=\"\/politique-de-conservation-de-donnees\">Politique de Gestion des Donn\u00e9es<\/a> de Montage de M\u00e9dailles.le blog<\/label><br \/>\n<span class=\"wpcf7-form-control-wrap rgpd\"><span class=\"wpcf7-form-control wpcf7-checkbox wpcf7-validates-as-required wpcf7-exclusive-checkbox\"><span class=\"wpcf7-list-item first\"><input type=\"checkbox\" name=\"rgpd\" value=\"Oui\" \/><span class=\"wpcf7-list-item-label\">Oui<\/span><\/span><span class=\"wpcf7-list-item last\"><input type=\"checkbox\" name=\"rgpd\" value=\"Non\" \/><span class=\"wpcf7-list-item-label\">Non<\/span><\/span><\/span><\/span><\/p>\n<p><input type=\"submit\" value=\"Envoyer\" class=\"wpcf7-form-control wpcf7-submit\" \/><\/p>\n<input type='hidden' class='wpcf7-pum' value='{\"closepopup\":false,\"closedelay\":0,\"openpopup\":false,\"openpopup_id\":0}' \/><div class=\"wpcf7-response-output\" aria-hidden=\"true\"><\/div><\/form><\/div>[\/vc_column][\/vc_row]<\/p>\n<\/div>","protected":false},"excerpt":{"rendered":"<p>[vc_row][vc_column width=\u00a0\u00bb1\/3&Prime;][vc_single_image media=\u00a0\u00bb79619&Prime; media_width_percent=\u00a0\u00bb90&Prime;][vc_column_text]Vous avez des questions ? Vous souhaitez nous confiez votre montage ? Toute notre \u00e9quipe est \u00e0 [&hellip;]<\/p>\n","protected":false},"author":2,"featured_media":79310,"parent":0,"menu_order":0,"comment_status":"closed","ping_status":"closed","template":"","meta":{"footnotes":""},"class_list":["post-79214","page","type-page","status-publish","has-post-thumbnail","hentry"],"yoast_head":"<!-- This site is optimized with the Yoast SEO plugin v27.3 - https:\/\/yoast.com\/product\/yoast-seo-wordpress\/ -->\n<title>Contact &#8226; Montage de m\u00e9dailles<\/title>\n<meta name=\"robots\" content=\"index, follow, max-snippet:-1, max-image-preview:large, max-video-preview:-1\" \/>\n<link rel=\"canonical\" href=\"https:\/\/www.montagedemedailles.fr\/blog\/contact\/\" \/>\n<meta property=\"og:locale\" content=\"fr_FR\" \/>\n<meta property=\"og:type\" content=\"article\" \/>\n<meta property=\"og:title\" content=\"Contact &#8226; Montage de m\u00e9dailles\" \/>\n<meta property=\"og:description\" content=\"[vc_row][vc_column width=\u00a0\u00bb1\/3&Prime;][vc_single_image media=\u00a0\u00bb79619&Prime; media_width_percent=\u00a0\u00bb90&Prime;][vc_column_text]Vous avez des questions ? Vous souhaitez nous confiez votre montage ? Toute notre \u00e9quipe est \u00e0 [&hellip;]\" \/>\n<meta property=\"og:url\" content=\"https:\/\/www.montagedemedailles.fr\/blog\/contact\/\" \/>\n<meta property=\"og:site_name\" content=\"Montage de m\u00e9dailles\" \/>\n<meta property=\"article:modified_time\" content=\"2021-09-06T11:53:14+00:00\" \/>\n<meta property=\"og:image\" content=\"https:\/\/www.montagedemedailles.fr\/blog\/wp-content\/uploads\/2020\/09\/Page-Contact-Blog-Montage-Medaille-Uniforme.jpg\" \/>\n\t<meta property=\"og:image:width\" content=\"1350\" \/>\n\t<meta property=\"og:image:height\" content=\"500\" \/>\n\t<meta property=\"og:image:type\" content=\"image\/jpeg\" \/>\n<meta name=\"twitter:card\" content=\"summary_large_image\" \/>\n<meta name=\"twitter:label1\" content=\"Dur\u00e9e de lecture est.\" \/>\n\t<meta name=\"twitter:data1\" content=\"1 minute\" \/>\n<script type=\"application\/ld+json\" class=\"yoast-schema-graph\">{\"@context\":\"https:\\\/\\\/schema.org\",\"@graph\":[{\"@type\":\"WebPage\",\"@id\":\"https:\\\/\\\/www.montagedemedailles.fr\\\/blog\\\/contact\\\/\",\"url\":\"https:\\\/\\\/www.montagedemedailles.fr\\\/blog\\\/contact\\\/\",\"name\":\"Contact &#8226; Montage de m\u00e9dailles\",\"isPartOf\":{\"@id\":\"https:\\\/\\\/www.montagedemedailles.fr\\\/blog\\\/#website\"},\"primaryImageOfPage\":{\"@id\":\"https:\\\/\\\/www.montagedemedailles.fr\\\/blog\\\/contact\\\/#primaryimage\"},\"image\":{\"@id\":\"https:\\\/\\\/www.montagedemedailles.fr\\\/blog\\\/contact\\\/#primaryimage\"},\"thumbnailUrl\":\"https:\\\/\\\/www.montagedemedailles.fr\\\/blog\\\/wp-content\\\/uploads\\\/2020\\\/09\\\/Page-Contact-Blog-Montage-Medaille-Uniforme.jpg\",\"datePublished\":\"2020-09-08T15:56:16+00:00\",\"dateModified\":\"2021-09-06T11:53:14+00:00\",\"breadcrumb\":{\"@id\":\"https:\\\/\\\/www.montagedemedailles.fr\\\/blog\\\/contact\\\/#breadcrumb\"},\"inLanguage\":\"fr-FR\",\"potentialAction\":[{\"@type\":\"ReadAction\",\"target\":[\"https:\\\/\\\/www.montagedemedailles.fr\\\/blog\\\/contact\\\/\"]}]},{\"@type\":\"ImageObject\",\"inLanguage\":\"fr-FR\",\"@id\":\"https:\\\/\\\/www.montagedemedailles.fr\\\/blog\\\/contact\\\/#primaryimage\",\"url\":\"https:\\\/\\\/www.montagedemedailles.fr\\\/blog\\\/wp-content\\\/uploads\\\/2020\\\/09\\\/Page-Contact-Blog-Montage-Medaille-Uniforme.jpg\",\"contentUrl\":\"https:\\\/\\\/www.montagedemedailles.fr\\\/blog\\\/wp-content\\\/uploads\\\/2020\\\/09\\\/Page-Contact-Blog-Montage-Medaille-Uniforme.jpg\",\"width\":1350,\"height\":500,\"caption\":\"Page Contact Montage de M\u00e9daille France Uniformes Service\"},{\"@type\":\"BreadcrumbList\",\"@id\":\"https:\\\/\\\/www.montagedemedailles.fr\\\/blog\\\/contact\\\/#breadcrumb\",\"itemListElement\":[{\"@type\":\"ListItem\",\"position\":1,\"name\":\"Accueil\",\"item\":\"https:\\\/\\\/www.montagedemedailles.fr\\\/blog\\\/\"},{\"@type\":\"ListItem\",\"position\":2,\"name\":\"Contact\"}]},{\"@type\":\"WebSite\",\"@id\":\"https:\\\/\\\/www.montagedemedailles.fr\\\/blog\\\/#website\",\"url\":\"https:\\\/\\\/www.montagedemedailles.fr\\\/blog\\\/\",\"name\":\"Montage de m\u00e9dailles\",\"description\":\"Blog Montage de M\u00e9dailles\",\"publisher\":{\"@id\":\"https:\\\/\\\/www.montagedemedailles.fr\\\/blog\\\/#organization\"},\"potentialAction\":[{\"@type\":\"SearchAction\",\"target\":{\"@type\":\"EntryPoint\",\"urlTemplate\":\"https:\\\/\\\/www.montagedemedailles.fr\\\/blog\\\/?s={search_term_string}\"},\"query-input\":{\"@type\":\"PropertyValueSpecification\",\"valueRequired\":true,\"valueName\":\"search_term_string\"}}],\"inLanguage\":\"fr-FR\"},{\"@type\":\"Organization\",\"@id\":\"https:\\\/\\\/www.montagedemedailles.fr\\\/blog\\\/#organization\",\"name\":\"France Uniformes Service\",\"url\":\"https:\\\/\\\/www.montagedemedailles.fr\\\/blog\\\/\",\"logo\":{\"@type\":\"ImageObject\",\"inLanguage\":\"fr-FR\",\"@id\":\"https:\\\/\\\/www.montagedemedailles.fr\\\/blog\\\/#\\\/schema\\\/logo\\\/image\\\/\",\"url\":\"https:\\\/\\\/montagedemedailles.fr\\\/blog\\\/wp-content\\\/uploads\\\/2020\\\/05\\\/Logotype_FUS.png\",\"contentUrl\":\"https:\\\/\\\/montagedemedailles.fr\\\/blog\\\/wp-content\\\/uploads\\\/2020\\\/05\\\/Logotype_FUS.png\",\"width\":189,\"height\":150,\"caption\":\"France Uniformes Service\"},\"image\":{\"@id\":\"https:\\\/\\\/www.montagedemedailles.fr\\\/blog\\\/#\\\/schema\\\/logo\\\/image\\\/\"}}]}<\/script>\n<!-- \/ Yoast SEO plugin. -->","yoast_head_json":{"title":"Contact &#8226; Montage de m\u00e9dailles","robots":{"index":"index","follow":"follow","max-snippet":"max-snippet:-1","max-image-preview":"max-image-preview:large","max-video-preview":"max-video-preview:-1"},"canonical":"https:\/\/www.montagedemedailles.fr\/blog\/contact\/","og_locale":"fr_FR","og_type":"article","og_title":"Contact &#8226; Montage de m\u00e9dailles","og_description":"[vc_row][vc_column width=\u00a0\u00bb1\/3&Prime;][vc_single_image media=\u00a0\u00bb79619&Prime; media_width_percent=\u00a0\u00bb90&Prime;][vc_column_text]Vous avez des questions ? Vous souhaitez nous confiez votre montage ? Toute notre \u00e9quipe est \u00e0 [&hellip;]","og_url":"https:\/\/www.montagedemedailles.fr\/blog\/contact\/","og_site_name":"Montage de m\u00e9dailles","article_modified_time":"2021-09-06T11:53:14+00:00","og_image":[{"width":1350,"height":500,"url":"https:\/\/www.montagedemedailles.fr\/blog\/wp-content\/uploads\/2020\/09\/Page-Contact-Blog-Montage-Medaille-Uniforme.jpg","type":"image\/jpeg"}],"twitter_card":"summary_large_image","twitter_misc":{"Dur\u00e9e de lecture est.":"1 minute"},"schema":{"@context":"https:\/\/schema.org","@graph":[{"@type":"WebPage","@id":"https:\/\/www.montagedemedailles.fr\/blog\/contact\/","url":"https:\/\/www.montagedemedailles.fr\/blog\/contact\/","name":"Contact &#8226; Montage de m\u00e9dailles","isPartOf":{"@id":"https:\/\/www.montagedemedailles.fr\/blog\/#website"},"primaryImageOfPage":{"@id":"https:\/\/www.montagedemedailles.fr\/blog\/contact\/#primaryimage"},"image":{"@id":"https:\/\/www.montagedemedailles.fr\/blog\/contact\/#primaryimage"},"thumbnailUrl":"https:\/\/www.montagedemedailles.fr\/blog\/wp-content\/uploads\/2020\/09\/Page-Contact-Blog-Montage-Medaille-Uniforme.jpg","datePublished":"2020-09-08T15:56:16+00:00","dateModified":"2021-09-06T11:53:14+00:00","breadcrumb":{"@id":"https:\/\/www.montagedemedailles.fr\/blog\/contact\/#breadcrumb"},"inLanguage":"fr-FR","potentialAction":[{"@type":"ReadAction","target":["https:\/\/www.montagedemedailles.fr\/blog\/contact\/"]}]},{"@type":"ImageObject","inLanguage":"fr-FR","@id":"https:\/\/www.montagedemedailles.fr\/blog\/contact\/#primaryimage","url":"https:\/\/www.montagedemedailles.fr\/blog\/wp-content\/uploads\/2020\/09\/Page-Contact-Blog-Montage-Medaille-Uniforme.jpg","contentUrl":"https:\/\/www.montagedemedailles.fr\/blog\/wp-content\/uploads\/2020\/09\/Page-Contact-Blog-Montage-Medaille-Uniforme.jpg","width":1350,"height":500,"caption":"Page Contact Montage de M\u00e9daille France Uniformes Service"},{"@type":"BreadcrumbList","@id":"https:\/\/www.montagedemedailles.fr\/blog\/contact\/#breadcrumb","itemListElement":[{"@type":"ListItem","position":1,"name":"Accueil","item":"https:\/\/www.montagedemedailles.fr\/blog\/"},{"@type":"ListItem","position":2,"name":"Contact"}]},{"@type":"WebSite","@id":"https:\/\/www.montagedemedailles.fr\/blog\/#website","url":"https:\/\/www.montagedemedailles.fr\/blog\/","name":"Montage de m\u00e9dailles","description":"Blog Montage de M\u00e9dailles","publisher":{"@id":"https:\/\/www.montagedemedailles.fr\/blog\/#organization"},"potentialAction":[{"@type":"SearchAction","target":{"@type":"EntryPoint","urlTemplate":"https:\/\/www.montagedemedailles.fr\/blog\/?s={search_term_string}"},"query-input":{"@type":"PropertyValueSpecification","valueRequired":true,"valueName":"search_term_string"}}],"inLanguage":"fr-FR"},{"@type":"Organization","@id":"https:\/\/www.montagedemedailles.fr\/blog\/#organization","name":"France Uniformes Service","url":"https:\/\/www.montagedemedailles.fr\/blog\/","logo":{"@type":"ImageObject","inLanguage":"fr-FR","@id":"https:\/\/www.montagedemedailles.fr\/blog\/#\/schema\/logo\/image\/","url":"https:\/\/montagedemedailles.fr\/blog\/wp-content\/uploads\/2020\/05\/Logotype_FUS.png","contentUrl":"https:\/\/montagedemedailles.fr\/blog\/wp-content\/uploads\/2020\/05\/Logotype_FUS.png","width":189,"height":150,"caption":"France Uniformes Service"},"image":{"@id":"https:\/\/www.montagedemedailles.fr\/blog\/#\/schema\/logo\/image\/"}}]}},"_links":{"self":[{"href":"https:\/\/www.montagedemedailles.fr\/blog\/wp-json\/wp\/v2\/pages\/79214","targetHints":{"allow":["GET"]}}],"collection":[{"href":"https:\/\/www.montagedemedailles.fr\/blog\/wp-json\/wp\/v2\/pages"}],"about":[{"href":"https:\/\/www.montagedemedailles.fr\/blog\/wp-json\/wp\/v2\/types\/page"}],"author":[{"embeddable":true,"href":"https:\/\/www.montagedemedailles.fr\/blog\/wp-json\/wp\/v2\/users\/2"}],"replies":[{"embeddable":true,"href":"https:\/\/www.montagedemedailles.fr\/blog\/wp-json\/wp\/v2\/comments?post=79214"}],"version-history":[{"count":10,"href":"https:\/\/www.montagedemedailles.fr\/blog\/wp-json\/wp\/v2\/pages\/79214\/revisions"}],"predecessor-version":[{"id":79621,"href":"https:\/\/www.montagedemedailles.fr\/blog\/wp-json\/wp\/v2\/pages\/79214\/revisions\/79621"}],"wp:featuredmedia":[{"embeddable":true,"href":"https:\/\/www.montagedemedailles.fr\/blog\/wp-json\/wp\/v2\/media\/79310"}],"wp:attachment":[{"href":"https:\/\/www.montagedemedailles.fr\/blog\/wp-json\/wp\/v2\/media?parent=79214"}],"curies":[{"name":"wp","href":"https:\/\/api.w.org\/{rel}","templated":true}]}}